{"id":662,"date":"2022-11-09T15:51:13","date_gmt":"2022-11-09T14:51:13","guid":{"rendered":"https:\/\/www.patrando-26.fr\/?page_id=662"},"modified":"2023-03-01T10:22:24","modified_gmt":"2023-03-01T09:22:24","slug":"nos-actions","status":"publish","type":"page","link":"https:\/\/www.patrando-26.fr\/index.php\/nos-actions\/","title":{"rendered":"Nos Actions"},"content":{"rendered":"<style>\/*! elementor - v3.7.4 - 31-08-2022 *\/<br \/>\n.elementor-heading-title{padding:0;margin:0;line-height:1}.elementor-widget-heading .elementor-heading-title[class*=elementor-size-]>a{color:inherit;font-size:inherit;line-height:inherit}.elementor-widget-heading .elementor-heading-title.elementor-size-small{font-size:15px}.elementor-widget-heading .elementor-heading-title.elementor-size-medium{font-size:19px}.elementor-widget-heading .elementor-heading-title.elementor-size-large{font-size:29px}.elementor-widget-heading .elementor-heading-title.elementor-size-xl{font-size:39px}.elementor-widget-heading .elementor-heading-title.elementor-size-xxl{font-size:59px}<\/style>\n<h1>nos actions<\/h1>\n<h2>A l&rsquo;\u00e9coute des besoins<\/h2>\n<style>\/*! elementor - v3.7.4 - 31-08-2022 *\/<br \/>\n.elementor-widget-divider{--divider-border-style:none;--divider-border-width:1px;--divider-color:#2c2c2c;--divider-icon-size:20px;--divider-element-spacing:10px;--divider-pattern-height:24px;--divider-pattern-size:20px;--divider-pattern-url:none;--divider-pattern-repeat:repeat-x}.elementor-widget-divider .elementor-divider{display:-webkit-box;display:-ms-flexbox;display:flex}.elementor-widget-divider .elementor-divider__text{font-size:15px;line-height:1;max-width:95%}.elementor-widget-divider .elementor-divider__element{margin:0 var(--divider-element-spacing);-ms-flex-negative:0;flex-shrink:0}.elementor-widget-divider .elementor-icon{font-size:var(--divider-icon-size)}.elementor-widget-divider .elementor-divider-separator{display:-webkit-box;display:-ms-flexbox;display:flex;margin:0;direction:ltr}.elementor-widget-divider--view-line_icon .elementor-divider-separator,.elementor-widget-divider--view-line_text .elementor-divider-separator{-webkit-box-align:center;-ms-flex-align:center;align-items:center}.elementor-widget-divider--view-line_icon .elementor-divider-separator:after,.elementor-widget-divider--view-line_icon .elementor-divider-separator:before,.elementor-widget-divider--view-line_text .elementor-divider-separator:after,.elementor-widget-divider--view-line_text .elementor-divider-separator:before{display:block;content:\"\";border-bottom:0;-webkit-box-flex:1;-ms-flex-positive:1;flex-grow:1;border-top:var(--divider-border-width) var(--divider-border-style) var(--divider-color)}.elementor-widget-divider--element-align-left .elementor-divider .elementor-divider-separator>.elementor-divider__svg:first-of-type{-webkit-box-flex:0;-ms-flex-positive:0;flex-grow:0;-ms-flex-negative:100;flex-shrink:100}.elementor-widget-divider--element-align-left .elementor-divider-separator:before{content:none}.elementor-widget-divider--element-align-left .elementor-divider__element{margin-left:0}.elementor-widget-divider--element-align-right .elementor-divider .elementor-divider-separator>.elementor-divider__svg:last-of-type{-webkit-box-flex:0;-ms-flex-positive:0;flex-grow:0;-ms-flex-negative:100;flex-shrink:100}.elementor-widget-divider--element-align-right .elementor-divider-separator:after{content:none}.elementor-widget-divider--element-align-right .elementor-divider__element{margin-right:0}.elementor-widget-divider:not(.elementor-widget-divider--view-line_text):not(.elementor-widget-divider--view-line_icon) .elementor-divider-separator{border-top:var(--divider-border-width) var(--divider-border-style) var(--divider-color)}.elementor-widget-divider--separator-type-pattern{--divider-border-style:none}.elementor-widget-divider--separator-type-pattern.elementor-widget-divider--view-line .elementor-divider-separator,.elementor-widget-divider--separator-type-pattern:not(.elementor-widget-divider--view-line) .elementor-divider-separator:after,.elementor-widget-divider--separator-type-pattern:not(.elementor-widget-divider--view-line) .elementor-divider-separator:before,.elementor-widget-divider--separator-type-pattern:not([class*=elementor-widget-divider--view]) .elementor-divider-separator{width:100%;min-height:var(--divider-pattern-height);-webkit-mask-size:var(--divider-pattern-size) 100%;mask-size:var(--divider-pattern-size) 100%;-webkit-mask-repeat:var(--divider-pattern-repeat);mask-repeat:var(--divider-pattern-repeat);background-color:var(--divider-color);-webkit-mask-image:var(--divider-pattern-url);mask-image:var(--divider-pattern-url)}.elementor-widget-divider--no-spacing{--divider-pattern-size:auto}.elementor-widget-divider--bg-round{--divider-pattern-repeat:round}.rtl .elementor-widget-divider .elementor-divider__text{direction:rtl}.e-container>.elementor-widget-divider{width:var(--container-widget-width,100%);--flex-grow:var(--container-widget-flex-grow,0)}<\/style>\n<p>Nous r\u00e9pondons aux invitations des \u00e9lus et acteurs locaux qui expriment un souhait en rapport avec les objectifs de notre association pour d\u00e9finir l&rsquo;aide que nous pouvons leur apporter<\/p>\n<p>.<\/p>\n<style>\/*! elementor - v3.7.4 - 31-08-2022 *\/<br \/>\n.elementor-widget-image{text-align:center}.elementor-widget-image a{display:inline-block}.elementor-widget-image a img[src$=\".svg\"]{width:48px}.elementor-widget-image img{vertical-align:middle;display:inline-block}<\/style>\n<p><img fetchpriority=\"high\" decoding=\"async\" src=\"https:\/\/www.patrando-26.fr\/wp-content\/uploads\/2022\/11\/DSC00211-scaled.jpg\" sizes=\"(max-width: 2560px) 100vw, 2560px\" srcset=\"https:\/\/www.patrando-26.fr\/wp-content\/uploads\/2022\/11\/DSC00211-scaled.jpg 2560w, https:\/\/www.patrando-26.fr\/wp-content\/uploads\/2022\/11\/DSC00211-300x225.jpg 300w, https:\/\/www.patrando-26.fr\/wp-content\/uploads\/2022\/11\/DSC00211-1024x768.jpg 1024w, https:\/\/www.patrando-26.fr\/wp-content\/uploads\/2022\/11\/DSC00211-768x576.jpg 768w, https:\/\/www.patrando-26.fr\/wp-content\/uploads\/2022\/11\/DSC00211-1536x1152.jpg 1536w, https:\/\/www.patrando-26.fr\/wp-content\/uploads\/2022\/11\/DSC00211-2048x1536.jpg 2048w\" alt=\"\" width=\"2560\" height=\"1920\" \/><\/p>\n<h2>Aide et conseils<\/h2>\n<p>Nous avons accompagn\u00e9 les petites communes du c\u0153ur de la Dr\u00f4me dans l\u2019action des am\u00e9nagements touristiques que la communaut\u00e9 des communes du Cr\u00e9tois-Pays-de-Saillans a men\u00e9s en leur faveur en 2022. Sans notre intervention sur le terrain la commune de Chastel Arnaud n&rsquo;aurait par exemple pas connu les implantations sur la montagne Saint-And\u00e9ol aux Auberts.<\/p>\n<p>Nous sommes aux c\u00f4t\u00e9s de la commune de Livron-sur-Dr\u00f4me dans l&rsquo;\u00e9tude qu&rsquo;elle m\u00e8ne avec l&rsquo;association Sur les pas des Huguenots pour proposer une variante au trac\u00e9 officiel qui traversait son territoire.<\/p>\n<p><img decoding=\"async\" src=\"https:\/\/www.patrando-26.fr\/wp-content\/uploads\/2022\/11\/DSC00201-scaled.jpg\" sizes=\"(max-width: 2560px) 100vw, 2560px\" srcset=\"https:\/\/www.patrando-26.fr\/wp-content\/uploads\/2022\/11\/DSC00201-scaled.jpg 2560w, https:\/\/www.patrando-26.fr\/wp-content\/uploads\/2022\/11\/DSC00201-300x225.jpg 300w, https:\/\/www.patrando-26.fr\/wp-content\/uploads\/2022\/11\/DSC00201-1024x768.jpg 1024w, https:\/\/www.patrando-26.fr\/wp-content\/uploads\/2022\/11\/DSC00201-768x576.jpg 768w, https:\/\/www.patrando-26.fr\/wp-content\/uploads\/2022\/11\/DSC00201-1536x1152.jpg 1536w, https:\/\/www.patrando-26.fr\/wp-content\/uploads\/2022\/11\/DSC00201-2048x1536.jpg 2048w\" alt=\"\" width=\"2560\" height=\"1920\" \/><\/p>\n<h2>R\u00e9flexion<\/h2>\n<p>Nous avons apport\u00e9 une contribution au s\u00e9minaire organis\u00e9 le 17 d\u00e9cembre 2019 \u00e0 l&rsquo;initiative des communaut\u00e9s de communes du Val de Dr\u00f4me et du Cr\u00e9tois-Pays-de-Saillans sur le th\u00e8me : Enjeux et d\u00e9veloppements touristiques de la vall\u00e9e de la Dr\u00f4me.<\/p>\n<p><img decoding=\"async\" src=\"https:\/\/www.patrando-26.fr\/wp-content\/uploads\/2022\/11\/DSC00206-scaled-e1668529300574.jpg\" sizes=\"(max-width: 1920px) 100vw, 1920px\" srcset=\"https:\/\/www.patrando-26.fr\/wp-content\/uploads\/2022\/11\/DSC00206-scaled-e1668529300574.jpg 1920w, https:\/\/www.patrando-26.fr\/wp-content\/uploads\/2022\/11\/DSC00206-scaled-e1668529300574-225x300.jpg 225w, https:\/\/www.patrando-26.fr\/wp-content\/uploads\/2022\/11\/DSC00206-scaled-e1668529300574-768x1024.jpg 768w, https:\/\/www.patrando-26.fr\/wp-content\/uploads\/2022\/11\/DSC00206-scaled-e1668529300574-1152x1536.jpg 1152w, https:\/\/www.patrando-26.fr\/wp-content\/uploads\/2022\/11\/DSC00206-scaled-e1668529300574-1536x2048.jpg 1536w\" alt=\"\" width=\"1920\" height=\"2560\" \/><\/p>\n<h2>Sur les pas du patrimoine de la Dr\u00f4me<\/h2>\n<p>Dans le partenariat \u00e9troit avec le comit\u00e9 de la Dr\u00f4me de la FFRandonn\u00e9e nous avons lanc\u00e9 une collection d\u00e9partementale de brochures invitant le public \u00e0 partir de la d\u00e9couverte du patrimoine des communes du d\u00e9partement des circuits accessibles \u00e0 tous avec des explications tr\u00e8s nourries. Nous avons souhait\u00e9 que ces brochures puissent concerner tout le monde avec un prix raisonnable de 5\u20ac, gr\u00e2ce \u00e0 l&rsquo;appui de nos partenaires. Notre souhait est que ces brochures soient \u00e9galement traduites en anglais \u00e0 destination des touristes.<\/p>\n<p>Le contenu de ces brochures a \u00e9galement pour objectif de rendre hommage au travail de recherche des contributeurs locaux.<\/p>\n<p>Brochures d\u00e9j\u00e0 \u00e9dit\u00e9es : Livron-sur-Dr\u00f4me, Saillans<\/p>\n<p><img loading=\"lazy\" decoding=\"async\" src=\"https:\/\/www.patrando-26.fr\/wp-content\/uploads\/2022\/11\/DSC00200-scaled-e1668529243645.jpg\" sizes=\"(max-width: 1920px) 100vw, 1920px\" srcset=\"https:\/\/www.patrando-26.fr\/wp-content\/uploads\/2022\/11\/DSC00200-scaled-e1668529243645.jpg 1920w, https:\/\/www.patrando-26.fr\/wp-content\/uploads\/2022\/11\/DSC00200-scaled-e1668529243645-225x300.jpg 225w, https:\/\/www.patrando-26.fr\/wp-content\/uploads\/2022\/11\/DSC00200-scaled-e1668529243645-768x1024.jpg 768w, https:\/\/www.patrando-26.fr\/wp-content\/uploads\/2022\/11\/DSC00200-scaled-e1668529243645-1152x1536.jpg 1152w, https:\/\/www.patrando-26.fr\/wp-content\/uploads\/2022\/11\/DSC00200-scaled-e1668529243645-1536x2048.jpg 1536w\" alt=\"\" width=\"1920\" height=\"2560\" \/><\/p>\n","protected":false},"excerpt":{"rendered":"<p>nos actions A l&rsquo;\u00e9coute des besoins Nous r\u00e9pondons aux invitations des \u00e9lus et acteurs locaux qui expriment un souhait en rapport avec les objectifs de notre association pour d\u00e9finir l&rsquo;aide que nous pouvons leur apporter . Aide et conseils Nous avons accompagn\u00e9 les petites communes du c\u0153ur de la Dr\u00f4me dans l\u2019action des am\u00e9nagements touristiques &hellip;<\/p>\n<p class=\"read-more\"> <a class=\"\" href=\"https:\/\/www.patrando-26.fr\/index.php\/nos-actions\/\"> <span class=\"screen-reader-text\">Nos Actions<\/span> Lire la suite\u00a0\u00bb<\/a><\/p>\n","protected":false},"author":1,"featured_media":0,"parent":0,"menu_order":0,"comment_status":"closed","ping_status":"closed","template":"elementor_theme","meta":{"_bbp_topic_count":0,"_bbp_reply_count":0,"_bbp_total_topic_count":0,"_bbp_total_reply_count":0,"_bbp_voice_count":0,"_bbp_anonymous_reply_count":0,"_bbp_topic_count_hidden":0,"_bbp_reply_count_hidden":0,"_bbp_forum_subforum_count":0,"_uag_custom_page_level_css":"","site-sidebar-layout":"no-sidebar","site-content-layout":"page-builder","ast-global-header-display":"","ast-main-header-display":"","ast-hfb-above-header-display":"","ast-hfb-below-header-display":"","ast-hfb-mobile-header-display":"","site-post-title":"disabled","ast-breadcrumbs-content":"","ast-featured-img":"disabled","footer-sml-layout":"","theme-transparent-header-meta":"","adv-header-id-meta":"","stick-header-meta":"","header-above-stick-meta":"","header-main-stick-meta":"","header-below-stick-meta":"","footnotes":""},"class_list":["post-662","page","type-page","status-publish","hentry"],"yoast_head":"<!-- This site is optimized with the Yoast SEO plugin v27.5 - https:\/\/yoast.com\/product\/yoast-seo-wordpress\/ -->\n<title>Nos Actions - Patrimoine randonn\u00e9es m\u00e9moire en drome<\/title>\n<meta name=\"robots\" content=\"index, follow, max-snippet:-1, max-image-preview:large, max-video-preview:-1\" \/>\n<link rel=\"canonical\" href=\"https:\/\/www.patrando-26.fr\/index.php\/nos-actions\/\" \/>\n<meta property=\"og:locale\" content=\"fr_FR\" \/>\n<meta property=\"og:type\" content=\"article\" \/>\n<meta property=\"og:title\" content=\"Nos Actions - Patrimoine randonn\u00e9es m\u00e9moire en drome\" \/>\n<meta property=\"og:description\" content=\"nos actions A l&rsquo;\u00e9coute des besoins Nous r\u00e9pondons aux invitations des \u00e9lus et acteurs locaux qui expriment un souhait en rapport avec les objectifs de notre association pour d\u00e9finir l&rsquo;aide que nous pouvons leur apporter . Aide et conseils Nous avons accompagn\u00e9 les petites communes du c\u0153ur de la Dr\u00f4me dans l\u2019action des am\u00e9nagements touristiques &hellip; Nos Actions Lire la suite\u00a0\u00bb\" \/>\n<meta property=\"og:url\" content=\"https:\/\/www.patrando-26.fr\/index.php\/nos-actions\/\" \/>\n<meta property=\"og:site_name\" content=\"Patrimoine randonn\u00e9es m\u00e9moire en drome\" \/>\n<meta property=\"article:modified_time\" content=\"2023-03-01T09:22:24+00:00\" \/>\n<meta property=\"og:image\" content=\"https:\/\/www.patrando-26.fr\/wp-content\/uploads\/2022\/11\/DSC00211-scaled.jpg\" \/>\n<meta name=\"twitter:card\" content=\"summary_large_image\" \/>\n<meta name=\"twitter:label1\" content=\"Dur\u00e9e de lecture estim\u00e9e\" \/>\n\t<meta name=\"twitter:data1\" content=\"3 minutes\" \/>\n<script type=\"application\/ld+json\" class=\"yoast-schema-graph\">{\"@context\":\"https:\\\/\\\/schema.org\",\"@graph\":[{\"@type\":\"WebPage\",\"@id\":\"https:\\\/\\\/www.patrando-26.fr\\\/index.php\\\/nos-actions\\\/\",\"url\":\"https:\\\/\\\/www.patrando-26.fr\\\/index.php\\\/nos-actions\\\/\",\"name\":\"Nos Actions - Patrimoine randonn\u00e9es m\u00e9moire en drome\",\"isPartOf\":{\"@id\":\"https:\\\/\\\/www.patrando-26.fr\\\/#website\"},\"primaryImageOfPage\":{\"@id\":\"https:\\\/\\\/www.patrando-26.fr\\\/index.php\\\/nos-actions\\\/#primaryimage\"},\"image\":{\"@id\":\"https:\\\/\\\/www.patrando-26.fr\\\/index.php\\\/nos-actions\\\/#primaryimage\"},\"thumbnailUrl\":\"https:\\\/\\\/www.patrando-26.fr\\\/wp-content\\\/uploads\\\/2022\\\/11\\\/DSC00211-scaled.jpg\",\"datePublished\":\"2022-11-09T14:51:13+00:00\",\"dateModified\":\"2023-03-01T09:22:24+00:00\",\"breadcrumb\":{\"@id\":\"https:\\\/\\\/www.patrando-26.fr\\\/index.php\\\/nos-actions\\\/#breadcrumb\"},\"inLanguage\":\"fr-FR\",\"potentialAction\":[{\"@type\":\"ReadAction\",\"target\":[\"https:\\\/\\\/www.patrando-26.fr\\\/index.php\\\/nos-actions\\\/\"]}]},{\"@type\":\"ImageObject\",\"inLanguage\":\"fr-FR\",\"@id\":\"https:\\\/\\\/www.patrando-26.fr\\\/index.php\\\/nos-actions\\\/#primaryimage\",\"url\":\"https:\\\/\\\/www.patrando-26.fr\\\/wp-content\\\/uploads\\\/2022\\\/11\\\/DSC00211-scaled.jpg\",\"contentUrl\":\"https:\\\/\\\/www.patrando-26.fr\\\/wp-content\\\/uploads\\\/2022\\\/11\\\/DSC00211-scaled.jpg\",\"width\":2560,\"height\":1920},{\"@type\":\"BreadcrumbList\",\"@id\":\"https:\\\/\\\/www.patrando-26.fr\\\/index.php\\\/nos-actions\\\/#breadcrumb\",\"itemListElement\":[{\"@type\":\"ListItem\",\"position\":1,\"name\":\"Accueil\",\"item\":\"https:\\\/\\\/www.patrando-26.fr\\\/\"},{\"@type\":\"ListItem\",\"position\":2,\"name\":\"Nos Actions\"}]},{\"@type\":\"WebSite\",\"@id\":\"https:\\\/\\\/www.patrando-26.fr\\\/#website\",\"url\":\"https:\\\/\\\/www.patrando-26.fr\\\/\",\"name\":\"Patrimoine randonn\u00e9es m\u00e9moire en drome\",\"description\":\"Patrimoine randonn\u00e9es m\u00e9moire en drome Website\",\"potentialAction\":[{\"@type\":\"SearchAction\",\"target\":{\"@type\":\"EntryPoint\",\"urlTemplate\":\"https:\\\/\\\/www.patrando-26.fr\\\/?s={search_term_string}\"},\"query-input\":{\"@type\":\"PropertyValueSpecification\",\"valueRequired\":true,\"valueName\":\"search_term_string\"}}],\"inLanguage\":\"fr-FR\"}]}<\/script>\n<!-- \/ Yoast SEO plugin. -->","yoast_head_json":{"title":"Nos Actions - Patrimoine randonn\u00e9es m\u00e9moire en drome","robots":{"index":"index","follow":"follow","max-snippet":"max-snippet:-1","max-image-preview":"max-image-preview:large","max-video-preview":"max-video-preview:-1"},"canonical":"https:\/\/www.patrando-26.fr\/index.php\/nos-actions\/","og_locale":"fr_FR","og_type":"article","og_title":"Nos Actions - Patrimoine randonn\u00e9es m\u00e9moire en drome","og_description":"nos actions A l&rsquo;\u00e9coute des besoins Nous r\u00e9pondons aux invitations des \u00e9lus et acteurs locaux qui expriment un souhait en rapport avec les objectifs de notre association pour d\u00e9finir l&rsquo;aide que nous pouvons leur apporter . Aide et conseils Nous avons accompagn\u00e9 les petites communes du c\u0153ur de la Dr\u00f4me dans l\u2019action des am\u00e9nagements touristiques &hellip; Nos Actions Lire la suite\u00a0\u00bb","og_url":"https:\/\/www.patrando-26.fr\/index.php\/nos-actions\/","og_site_name":"Patrimoine randonn\u00e9es m\u00e9moire en drome","article_modified_time":"2023-03-01T09:22:24+00:00","og_image":[{"url":"https:\/\/www.patrando-26.fr\/wp-content\/uploads\/2022\/11\/DSC00211-scaled.jpg","type":"","width":"","height":""}],"twitter_card":"summary_large_image","twitter_misc":{"Dur\u00e9e de lecture estim\u00e9e":"3 minutes"},"schema":{"@context":"https:\/\/schema.org","@graph":[{"@type":"WebPage","@id":"https:\/\/www.patrando-26.fr\/index.php\/nos-actions\/","url":"https:\/\/www.patrando-26.fr\/index.php\/nos-actions\/","name":"Nos Actions - Patrimoine randonn\u00e9es m\u00e9moire en drome","isPartOf":{"@id":"https:\/\/www.patrando-26.fr\/#website"},"primaryImageOfPage":{"@id":"https:\/\/www.patrando-26.fr\/index.php\/nos-actions\/#primaryimage"},"image":{"@id":"https:\/\/www.patrando-26.fr\/index.php\/nos-actions\/#primaryimage"},"thumbnailUrl":"https:\/\/www.patrando-26.fr\/wp-content\/uploads\/2022\/11\/DSC00211-scaled.jpg","datePublished":"2022-11-09T14:51:13+00:00","dateModified":"2023-03-01T09:22:24+00:00","breadcrumb":{"@id":"https:\/\/www.patrando-26.fr\/index.php\/nos-actions\/#breadcrumb"},"inLanguage":"fr-FR","potentialAction":[{"@type":"ReadAction","target":["https:\/\/www.patrando-26.fr\/index.php\/nos-actions\/"]}]},{"@type":"ImageObject","inLanguage":"fr-FR","@id":"https:\/\/www.patrando-26.fr\/index.php\/nos-actions\/#primaryimage","url":"https:\/\/www.patrando-26.fr\/wp-content\/uploads\/2022\/11\/DSC00211-scaled.jpg","contentUrl":"https:\/\/www.patrando-26.fr\/wp-content\/uploads\/2022\/11\/DSC00211-scaled.jpg","width":2560,"height":1920},{"@type":"BreadcrumbList","@id":"https:\/\/www.patrando-26.fr\/index.php\/nos-actions\/#breadcrumb","itemListElement":[{"@type":"ListItem","position":1,"name":"Accueil","item":"https:\/\/www.patrando-26.fr\/"},{"@type":"ListItem","position":2,"name":"Nos Actions"}]},{"@type":"WebSite","@id":"https:\/\/www.patrando-26.fr\/#website","url":"https:\/\/www.patrando-26.fr\/","name":"Patrimoine randonn\u00e9es m\u00e9moire en drome","description":"Patrimoine randonn\u00e9es m\u00e9moire en drome Website","potentialAction":[{"@type":"SearchAction","target":{"@type":"EntryPoint","urlTemplate":"https:\/\/www.patrando-26.fr\/?s={search_term_string}"},"query-input":{"@type":"PropertyValueSpecification","valueRequired":true,"valueName":"search_term_string"}}],"inLanguage":"fr-FR"}]}},"uagb_featured_image_src":{"full":false,"thumbnail":false,"medium":false,"medium_large":false,"large":false,"1536x1536":false,"2048x2048":false},"uagb_author_info":{"display_name":"patrandoadmin","author_link":"https:\/\/www.patrando-26.fr\/index.php\/author\/admin6948\/"},"uagb_comment_info":0,"uagb_excerpt":"nos actions A l&rsquo;\u00e9coute des besoins Nous r\u00e9pondons aux invitations des \u00e9lus et acteurs locaux qui expriment un souhait en rapport avec les objectifs de notre association pour d\u00e9finir l&rsquo;aide que nous pouvons leur apporter . Aide et conseils Nous avons accompagn\u00e9 les petites communes du c\u0153ur de la Dr\u00f4me dans l\u2019action des am\u00e9nagements touristiques\u2026","_links":{"self":[{"href":"https:\/\/www.patrando-26.fr\/index.php\/wp-json\/wp\/v2\/pages\/662","targetHints":{"allow":["GET"]}}],"collection":[{"href":"https:\/\/www.patrando-26.fr\/index.php\/wp-json\/wp\/v2\/pages"}],"about":[{"href":"https:\/\/www.patrando-26.fr\/index.php\/wp-json\/wp\/v2\/types\/page"}],"author":[{"embeddable":true,"href":"https:\/\/www.patrando-26.fr\/index.php\/wp-json\/wp\/v2\/users\/1"}],"replies":[{"embeddable":true,"href":"https:\/\/www.patrando-26.fr\/index.php\/wp-json\/wp\/v2\/comments?post=662"}],"version-history":[{"count":54,"href":"https:\/\/www.patrando-26.fr\/index.php\/wp-json\/wp\/v2\/pages\/662\/revisions"}],"predecessor-version":[{"id":1505,"href":"https:\/\/www.patrando-26.fr\/index.php\/wp-json\/wp\/v2\/pages\/662\/revisions\/1505"}],"wp:attachment":[{"href":"https:\/\/www.patrando-26.fr\/index.php\/wp-json\/wp\/v2\/media?parent=662"}],"curies":[{"name":"wp","href":"https:\/\/api.w.org\/{rel}","templated":true}]}}