{"id":1669,"date":"2023-11-09T14:51:21","date_gmt":"2023-11-09T13:51:21","guid":{"rendered":"https:\/\/www.patrando-26.fr\/?page_id=1669"},"modified":"2024-08-13T15:22:38","modified_gmt":"2024-08-13T13:22:38","slug":"ag-compte-rendu","status":"publish","type":"page","link":"https:\/\/www.patrando-26.fr\/index.php\/ag-compte-rendu\/","title":{"rendered":"AG comptes-rendus"},"content":{"rendered":"\t\t<div data-elementor-type=\"wp-page\" data-elementor-id=\"1669\" class=\"elementor elementor-1669\">\n\t\t\t\t\t\t<section class=\"elementor-section elementor-top-section elementor-element elementor-element-f6a17dd elementor-section-boxed elementor-section-height-default elementor-section-height-default\" data-id=\"f6a17dd\" data-element_type=\"section\" data-e-type=\"section\">\n\t\t\t\t\t\t<div class=\"elementor-container elementor-column-gap-default\">\n\t\t\t\t\t<div class=\"elementor-column elementor-col-100 elementor-top-column elementor-element elementor-element-e134a3c\" data-id=\"e134a3c\" data-element_type=\"column\" data-e-type=\"column\">\n\t\t\t<div class=\"elementor-widget-wrap elementor-element-populated\">\n\t\t\t\t\t\t<div class=\"elementor-element elementor-element-3ce17cb elementor-widget elementor-widget-text-editor\" data-id=\"3ce17cb\" data-element_type=\"widget\" data-e-type=\"widget\" data-widget_type=\"text-editor.default\">\n\t\t\t\t<div class=\"elementor-widget-container\">\n\t\t\t\t\t\t\t\t\t<p><em><a href=\"https:\/\/www.patrando-26.fr\/wp-content\/uploads\/2024\/08\/2-Rapport-dactivite-et-rapport-moral-2.pdf\">\u00a0<\/a>AG<strong> 2023 , cliquez sur le lien pour ouvrir le PDF<\/strong><\/em>\u00a0:\u00a0 <a href=\"https:\/\/www.patrando-26.fr\/wp-content\/uploads\/2023\/08\/Compte-rendu-AG-2023.pdf\" target=\"_blank\" rel=\"noopener\">AG 2023<\/a><\/p><p><em><strong>AG 2024, cliquez sur le lien pour ouvrir le PDF\u00a0\u00a0 :<\/strong><a href=\"https:\/\/www.patrando-26.fr\/wp-content\/uploads\/2024\/08\/3-Rapport-financier-2023-1.pdf\" target=\"_blank\" rel=\"noopener\"> Rapport<\/a><\/em><a href=\"https:\/\/www.patrando-26.fr\/wp-content\/uploads\/2024\/08\/3-Rapport-financier-2023-1.pdf\" target=\"_blank\" rel=\"noopener\"> financier 2023<\/a><\/p><p><em><strong><a href=\"https:\/\/www.patrando-26.fr\/wp-content\/uploads\/2024\/08\/3-Rapport-financier-2023-1.pdf\">AG 2024, cliquez sur le lien pour ouvrir le PDF \u00a0\u00a0 : <\/a><\/strong><\/em><a href=\"https:\/\/www.patrando-26.fr\/wp-content\/uploads\/2024\/08\/1-Compte-rendu-A.G.-2024-1.pdf\" target=\"_blank\" rel=\"noopener\">Compte rendu A.G. 2024<\/a><em><strong><br \/><\/strong><\/em><\/p><p><em><strong>\u00a0cliquez sur le lien pour ouvrir le PDF\u00a0 :\u00a0 <\/strong><\/em><a href=\"https:\/\/www.patrando-26.fr\/wp-content\/uploads\/2024\/08\/2-Rapport-dactivite-et-rapport-moral-2.pdf\" target=\"_blank\" rel=\"noopener\">Rapport d&rsquo;activit\u00e9 et rapport moral<\/a><em><strong><br \/><\/strong><\/em><\/p>\t\t\t\t\t\t\t\t<\/div>\n\t\t\t\t<\/div>\n\t\t\t\t\t<\/div>\n\t\t<\/div>\n\t\t\t\t\t<\/div>\n\t\t<\/section>\n\t\t\t\t<\/div>\n\t\t","protected":false},"excerpt":{"rendered":"<p>\u00a0AG 2023 , cliquez sur le lien pour ouvrir le PDF\u00a0:\u00a0 AG 2023 AG 2024, cliquez sur le lien pour ouvrir le PDF\u00a0\u00a0 : Rapport financier 2023 AG 2024, cliquez sur le lien pour ouvrir le PDF \u00a0\u00a0 : Compte rendu A.G. 2024 \u00a0cliquez sur le lien pour ouvrir le PDF\u00a0 :\u00a0 Rapport d&rsquo;activit\u00e9 et &hellip;<\/p>\n<p class=\"read-more\"> <a class=\"\" href=\"https:\/\/www.patrando-26.fr\/index.php\/ag-compte-rendu\/\"> <span class=\"screen-reader-text\">AG comptes-rendus<\/span> Lire la suite\u00a0\u00bb<\/a><\/p>\n","protected":false},"author":1,"featured_media":0,"parent":0,"menu_order":0,"comment_status":"closed","ping_status":"closed","template":"","meta":{"_bbp_topic_count":0,"_bbp_reply_count":0,"_bbp_total_topic_count":0,"_bbp_total_reply_count":0,"_bbp_voice_count":0,"_bbp_anonymous_reply_count":0,"_bbp_topic_count_hidden":0,"_bbp_reply_count_hidden":0,"_bbp_forum_subforum_count":0,"_uag_custom_page_level_css":"","site-sidebar-layout":"no-sidebar","site-content-layout":"page-builder","ast-global-header-display":"","ast-main-header-display":"","ast-hfb-above-header-display":"","ast-hfb-below-header-display":"","ast-hfb-mobile-header-display":"","site-post-title":"disabled","ast-breadcrumbs-content":"","ast-featured-img":"disabled","footer-sml-layout":"","theme-transparent-header-meta":"","adv-header-id-meta":"","stick-header-meta":"","header-above-stick-meta":"","header-main-stick-meta":"","header-below-stick-meta":"","footnotes":""},"class_list":["post-1669","page","type-page","status-publish","hentry"],"yoast_head":"<!-- This site is optimized with the Yoast SEO plugin v27.5 - https:\/\/yoast.com\/product\/yoast-seo-wordpress\/ -->\n<title>AG comptes-rendus - Patrimoine randonn\u00e9es m\u00e9moire en drome<\/title>\n<meta name=\"robots\" content=\"index, follow, max-snippet:-1, max-image-preview:large, max-video-preview:-1\" \/>\n<link rel=\"canonical\" href=\"https:\/\/www.patrando-26.fr\/index.php\/ag-compte-rendu\/\" \/>\n<meta property=\"og:locale\" content=\"fr_FR\" \/>\n<meta property=\"og:type\" content=\"article\" \/>\n<meta property=\"og:title\" content=\"AG comptes-rendus - Patrimoine randonn\u00e9es m\u00e9moire en drome\" \/>\n<meta property=\"og:description\" content=\"\u00a0AG 2023 , cliquez sur le lien pour ouvrir le PDF\u00a0:\u00a0 AG 2023 AG 2024, cliquez sur le lien pour ouvrir le PDF\u00a0\u00a0 : Rapport financier 2023 AG 2024, cliquez sur le lien pour ouvrir le PDF \u00a0\u00a0 : Compte rendu A.G. 2024 \u00a0cliquez sur le lien pour ouvrir le PDF\u00a0 :\u00a0 Rapport d&rsquo;activit\u00e9 et &hellip; AG comptes-rendus Lire la suite\u00a0\u00bb\" \/>\n<meta property=\"og:url\" content=\"https:\/\/www.patrando-26.fr\/index.php\/ag-compte-rendu\/\" \/>\n<meta property=\"og:site_name\" content=\"Patrimoine randonn\u00e9es m\u00e9moire en drome\" \/>\n<meta property=\"article:modified_time\" content=\"2024-08-13T13:22:38+00:00\" \/>\n<meta name=\"twitter:card\" content=\"summary_large_image\" \/>\n<meta name=\"twitter:label1\" content=\"Dur\u00e9e de lecture estim\u00e9e\" \/>\n\t<meta name=\"twitter:data1\" content=\"1 minute\" \/>\n<script type=\"application\/ld+json\" class=\"yoast-schema-graph\">{\"@context\":\"https:\\\/\\\/schema.org\",\"@graph\":[{\"@type\":\"WebPage\",\"@id\":\"https:\\\/\\\/www.patrando-26.fr\\\/index.php\\\/ag-compte-rendu\\\/\",\"url\":\"https:\\\/\\\/www.patrando-26.fr\\\/index.php\\\/ag-compte-rendu\\\/\",\"name\":\"AG comptes-rendus - Patrimoine randonn\u00e9es m\u00e9moire en drome\",\"isPartOf\":{\"@id\":\"https:\\\/\\\/www.patrando-26.fr\\\/#website\"},\"datePublished\":\"2023-11-09T13:51:21+00:00\",\"dateModified\":\"2024-08-13T13:22:38+00:00\",\"breadcrumb\":{\"@id\":\"https:\\\/\\\/www.patrando-26.fr\\\/index.php\\\/ag-compte-rendu\\\/#breadcrumb\"},\"inLanguage\":\"fr-FR\",\"potentialAction\":[{\"@type\":\"ReadAction\",\"target\":[\"https:\\\/\\\/www.patrando-26.fr\\\/index.php\\\/ag-compte-rendu\\\/\"]}]},{\"@type\":\"BreadcrumbList\",\"@id\":\"https:\\\/\\\/www.patrando-26.fr\\\/index.php\\\/ag-compte-rendu\\\/#breadcrumb\",\"itemListElement\":[{\"@type\":\"ListItem\",\"position\":1,\"name\":\"Accueil\",\"item\":\"https:\\\/\\\/www.patrando-26.fr\\\/\"},{\"@type\":\"ListItem\",\"position\":2,\"name\":\"AG comptes-rendus\"}]},{\"@type\":\"WebSite\",\"@id\":\"https:\\\/\\\/www.patrando-26.fr\\\/#website\",\"url\":\"https:\\\/\\\/www.patrando-26.fr\\\/\",\"name\":\"Patrimoine randonn\u00e9es m\u00e9moire en drome\",\"description\":\"Patrimoine randonn\u00e9es m\u00e9moire en drome Website\",\"potentialAction\":[{\"@type\":\"SearchAction\",\"target\":{\"@type\":\"EntryPoint\",\"urlTemplate\":\"https:\\\/\\\/www.patrando-26.fr\\\/?s={search_term_string}\"},\"query-input\":{\"@type\":\"PropertyValueSpecification\",\"valueRequired\":true,\"valueName\":\"search_term_string\"}}],\"inLanguage\":\"fr-FR\"}]}<\/script>\n<!-- \/ Yoast SEO plugin. -->","yoast_head_json":{"title":"AG comptes-rendus - Patrimoine randonn\u00e9es m\u00e9moire en drome","robots":{"index":"index","follow":"follow","max-snippet":"max-snippet:-1","max-image-preview":"max-image-preview:large","max-video-preview":"max-video-preview:-1"},"canonical":"https:\/\/www.patrando-26.fr\/index.php\/ag-compte-rendu\/","og_locale":"fr_FR","og_type":"article","og_title":"AG comptes-rendus - Patrimoine randonn\u00e9es m\u00e9moire en drome","og_description":"\u00a0AG 2023 , cliquez sur le lien pour ouvrir le PDF\u00a0:\u00a0 AG 2023 AG 2024, cliquez sur le lien pour ouvrir le PDF\u00a0\u00a0 : Rapport financier 2023 AG 2024, cliquez sur le lien pour ouvrir le PDF \u00a0\u00a0 : Compte rendu A.G. 2024 \u00a0cliquez sur le lien pour ouvrir le PDF\u00a0 :\u00a0 Rapport d&rsquo;activit\u00e9 et &hellip; AG comptes-rendus Lire la suite\u00a0\u00bb","og_url":"https:\/\/www.patrando-26.fr\/index.php\/ag-compte-rendu\/","og_site_name":"Patrimoine randonn\u00e9es m\u00e9moire en drome","article_modified_time":"2024-08-13T13:22:38+00:00","twitter_card":"summary_large_image","twitter_misc":{"Dur\u00e9e de lecture estim\u00e9e":"1 minute"},"schema":{"@context":"https:\/\/schema.org","@graph":[{"@type":"WebPage","@id":"https:\/\/www.patrando-26.fr\/index.php\/ag-compte-rendu\/","url":"https:\/\/www.patrando-26.fr\/index.php\/ag-compte-rendu\/","name":"AG comptes-rendus - Patrimoine randonn\u00e9es m\u00e9moire en drome","isPartOf":{"@id":"https:\/\/www.patrando-26.fr\/#website"},"datePublished":"2023-11-09T13:51:21+00:00","dateModified":"2024-08-13T13:22:38+00:00","breadcrumb":{"@id":"https:\/\/www.patrando-26.fr\/index.php\/ag-compte-rendu\/#breadcrumb"},"inLanguage":"fr-FR","potentialAction":[{"@type":"ReadAction","target":["https:\/\/www.patrando-26.fr\/index.php\/ag-compte-rendu\/"]}]},{"@type":"BreadcrumbList","@id":"https:\/\/www.patrando-26.fr\/index.php\/ag-compte-rendu\/#breadcrumb","itemListElement":[{"@type":"ListItem","position":1,"name":"Accueil","item":"https:\/\/www.patrando-26.fr\/"},{"@type":"ListItem","position":2,"name":"AG comptes-rendus"}]},{"@type":"WebSite","@id":"https:\/\/www.patrando-26.fr\/#website","url":"https:\/\/www.patrando-26.fr\/","name":"Patrimoine randonn\u00e9es m\u00e9moire en drome","description":"Patrimoine randonn\u00e9es m\u00e9moire en drome Website","potentialAction":[{"@type":"SearchAction","target":{"@type":"EntryPoint","urlTemplate":"https:\/\/www.patrando-26.fr\/?s={search_term_string}"},"query-input":{"@type":"PropertyValueSpecification","valueRequired":true,"valueName":"search_term_string"}}],"inLanguage":"fr-FR"}]}},"uagb_featured_image_src":{"full":false,"thumbnail":false,"medium":false,"medium_large":false,"large":false,"1536x1536":false,"2048x2048":false},"uagb_author_info":{"display_name":"patrandoadmin","author_link":"https:\/\/www.patrando-26.fr\/index.php\/author\/admin6948\/"},"uagb_comment_info":0,"uagb_excerpt":"\u00a0AG 2023 , cliquez sur le lien pour ouvrir le PDF\u00a0:\u00a0 AG 2023 AG 2024, cliquez sur le lien pour ouvrir le PDF\u00a0\u00a0 : Rapport financier 2023 AG 2024, cliquez sur le lien pour ouvrir le PDF \u00a0\u00a0 : Compte rendu A.G. 2024 \u00a0cliquez sur le lien pour ouvrir le PDF\u00a0 :\u00a0 Rapport d&rsquo;activit\u00e9 et\u2026","_links":{"self":[{"href":"https:\/\/www.patrando-26.fr\/index.php\/wp-json\/wp\/v2\/pages\/1669","targetHints":{"allow":["GET"]}}],"collection":[{"href":"https:\/\/www.patrando-26.fr\/index.php\/wp-json\/wp\/v2\/pages"}],"about":[{"href":"https:\/\/www.patrando-26.fr\/index.php\/wp-json\/wp\/v2\/types\/page"}],"author":[{"embeddable":true,"href":"https:\/\/www.patrando-26.fr\/index.php\/wp-json\/wp\/v2\/users\/1"}],"replies":[{"embeddable":true,"href":"https:\/\/www.patrando-26.fr\/index.php\/wp-json\/wp\/v2\/comments?post=1669"}],"version-history":[{"count":24,"href":"https:\/\/www.patrando-26.fr\/index.php\/wp-json\/wp\/v2\/pages\/1669\/revisions"}],"predecessor-version":[{"id":1738,"href":"https:\/\/www.patrando-26.fr\/index.php\/wp-json\/wp\/v2\/pages\/1669\/revisions\/1738"}],"wp:attachment":[{"href":"https:\/\/www.patrando-26.fr\/index.php\/wp-json\/wp\/v2\/media?parent=1669"}],"curies":[{"name":"wp","href":"https:\/\/api.w.org\/{rel}","templated":true}]}}