{"id":1646,"date":"2023-11-09T09:18:31","date_gmt":"2023-11-09T08:18:31","guid":{"rendered":"https:\/\/www.patrando-26.fr\/?page_id=1646"},"modified":"2024-02-11T16:20:40","modified_gmt":"2024-02-11T15:20:40","slug":"randonnee-botanique","status":"publish","type":"page","link":"https:\/\/www.patrando-26.fr\/index.php\/randonnee-botanique\/","title":{"rendered":"Randonn\u00e9e Botanique"},"content":{"rendered":"\t\t<div data-elementor-type=\"wp-page\" data-elementor-id=\"1646\" class=\"elementor elementor-1646\">\n\t\t\t\t\t\t<section class=\"elementor-section elementor-top-section elementor-element elementor-element-6cf3d7f elementor-section-boxed elementor-section-height-default elementor-section-height-default\" data-id=\"6cf3d7f\" data-element_type=\"section\" data-e-type=\"section\">\n\t\t\t\t\t\t<div class=\"elementor-container elementor-column-gap-default\">\n\t\t\t\t\t<div class=\"elementor-column elementor-col-100 elementor-top-column elementor-element elementor-element-5a654bf\" data-id=\"5a654bf\" data-element_type=\"column\" data-e-type=\"column\">\n\t\t\t<div class=\"elementor-widget-wrap elementor-element-populated\">\n\t\t\t\t\t\t<div class=\"elementor-element elementor-element-8f975fc elementor-widget elementor-widget-text-editor\" data-id=\"8f975fc\" data-element_type=\"widget\" data-e-type=\"widget\" data-widget_type=\"text-editor.default\">\n\t\t\t\t<div class=\"elementor-widget-container\">\n\t\t\t\t\t\t\t\t\t<pre><span style=\"text-decoration: underline;\"><strong>Randos botaniques le 28 mai 2024 et le 4 juin 2024<\/strong><\/span>\n\nNotre ami Michel Rajot propose pour Patrimoine au Pays des Trois Becs deux randonn\u00e9es\nqui auront pour objet la d\u00e9couverte de notre environnement v\u00e9g\u00e9tal autour de Saillans.\nUne sortie est programm\u00e9e le mardi 28 mai sur Aubenasson avec une premi\u00e8re partie qui\nlongera le bord de la rivi\u00e8re Dr\u00f4me pour remonter vers la chapelle saint Jean.\nUne autre se d\u00e9roulera le mardi 4 juin et aura pour th\u00e9\u00e2tre le lieu-dit Les Auberts sur la\ncommune de Chastel Arnaud pour faire une boucle par Baconnet.\nLieux et heures des rassemblements seront pr\u00e9cis\u00e9s plus tard.\nLes sorties se feront \u00e0 la journ\u00e9e, chacun apportant son pique-nique.\nUne quinzaine de personnes pourra constituer chacun des deux groupes.\nLes inscriptions seront ouvertes ult\u00e9rieurement.\nExemples de v\u00e9g\u00e9taux et une cyanobact\u00e9rie observ\u00e9s sur ces randonn\u00e9es : H\u00e9patiques \u2013\nMousses \u2013 Pr\u00eales \u2013 Foug\u00e8res \u2013 Conif\u00e8res - Plantes \u00e0 fleurs (Arbres et autres plantes) \u2013 Algues\n\u2013 Champignons - Spiruline : (une cyanobact\u00e9rie ou microalgue bleu-vert).\n<\/pre>\t\t\t\t\t\t\t\t<\/div>\n\t\t\t\t<\/div>\n\t\t\t\t\t<\/div>\n\t\t<\/div>\n\t\t\t\t\t<\/div>\n\t\t<\/section>\n\t\t\t\t<section class=\"elementor-section elementor-top-section elementor-element elementor-element-1768995 elementor-section-boxed elementor-section-height-default elementor-section-height-default\" data-id=\"1768995\" data-element_type=\"section\" data-e-type=\"section\">\n\t\t\t\t\t\t<div class=\"elementor-container elementor-column-gap-default\">\n\t\t\t\t\t<div class=\"elementor-column elementor-col-20 elementor-top-column elementor-element elementor-element-fa005fb\" data-id=\"fa005fb\" data-element_type=\"column\" data-e-type=\"column\">\n\t\t\t<div class=\"elementor-widget-wrap elementor-element-populated\">\n\t\t\t\t\t\t<div class=\"elementor-element elementor-element-7b72ccc elementor-widget elementor-widget-image\" data-id=\"7b72ccc\" data-element_type=\"widget\" data-e-type=\"widget\" data-widget_type=\"image.default\">\n\t\t\t\t<div class=\"elementor-widget-container\">\n\t\t\t\t\t\t\t\t\t\t\t\t<figure class=\"wp-caption\">\n\t\t\t\t\t\t\t\t\t\t<img fetchpriority=\"high\" decoding=\"async\" width=\"1024\" height=\"614\" src=\"https:\/\/www.patrando-26.fr\/wp-content\/uploads\/2024\/02\/Les-Auberts-Hetre-commun-fagus--1024x614.jpg\" class=\"attachment-large size-large wp-image-1688\" alt=\"H\u00eatre Commun\" srcset=\"https:\/\/www.patrando-26.fr\/wp-content\/uploads\/2024\/02\/Les-Auberts-Hetre-commun-fagus--1024x614.jpg 1024w, https:\/\/www.patrando-26.fr\/wp-content\/uploads\/2024\/02\/Les-Auberts-Hetre-commun-fagus--300x180.jpg 300w, https:\/\/www.patrando-26.fr\/wp-content\/uploads\/2024\/02\/Les-Auberts-Hetre-commun-fagus--768x460.jpg 768w, https:\/\/www.patrando-26.fr\/wp-content\/uploads\/2024\/02\/Les-Auberts-Hetre-commun-fagus--1536x920.jpg 1536w, https:\/\/www.patrando-26.fr\/wp-content\/uploads\/2024\/02\/Les-Auberts-Hetre-commun-fagus--2048x1227.jpg 2048w\" sizes=\"(max-width: 1024px) 100vw, 1024px\" \/>\t\t\t\t\t\t\t\t\t\t\t<figcaption class=\"widget-image-caption wp-caption-text\">H\u00eatre Commun<\/figcaption>\n\t\t\t\t\t\t\t\t\t\t<\/figure>\n\t\t\t\t\t\t\t\t\t<\/div>\n\t\t\t\t<\/div>\n\t\t\t\t\t<\/div>\n\t\t<\/div>\n\t\t\t\t<div class=\"elementor-column elementor-col-20 elementor-top-column elementor-element elementor-element-19484ec\" data-id=\"19484ec\" data-element_type=\"column\" data-e-type=\"column\">\n\t\t\t<div class=\"elementor-widget-wrap elementor-element-populated\">\n\t\t\t\t\t\t<div class=\"elementor-element elementor-element-2dc6144 elementor-widget elementor-widget-image\" data-id=\"2dc6144\" data-element_type=\"widget\" data-e-type=\"widget\" data-widget_type=\"image.default\">\n\t\t\t\t<div class=\"elementor-widget-container\">\n\t\t\t\t\t\t\t\t\t\t\t\t<figure class=\"wp-caption\">\n\t\t\t\t\t\t\t\t\t\t<img decoding=\"async\" width=\"1024\" height=\"742\" src=\"https:\/\/www.patrando-26.fr\/wp-content\/uploads\/2024\/02\/Les-Auberts-Fougere-Asplenium-trichomanes--1024x742.jpg\" class=\"attachment-large size-large wp-image-1687\" alt=\"Foug\u00e8re Asplenium trichomanes\" srcset=\"https:\/\/www.patrando-26.fr\/wp-content\/uploads\/2024\/02\/Les-Auberts-Fougere-Asplenium-trichomanes--1024x742.jpg 1024w, https:\/\/www.patrando-26.fr\/wp-content\/uploads\/2024\/02\/Les-Auberts-Fougere-Asplenium-trichomanes--300x217.jpg 300w, https:\/\/www.patrando-26.fr\/wp-content\/uploads\/2024\/02\/Les-Auberts-Fougere-Asplenium-trichomanes--768x557.jpg 768w, https:\/\/www.patrando-26.fr\/wp-content\/uploads\/2024\/02\/Les-Auberts-Fougere-Asplenium-trichomanes--1536x1113.jpg 1536w, https:\/\/www.patrando-26.fr\/wp-content\/uploads\/2024\/02\/Les-Auberts-Fougere-Asplenium-trichomanes--2048x1485.jpg 2048w\" sizes=\"(max-width: 1024px) 100vw, 1024px\" \/>\t\t\t\t\t\t\t\t\t\t\t<figcaption class=\"widget-image-caption wp-caption-text\"> Foug\u00e8re Asplenium trichomanes<\/figcaption>\n\t\t\t\t\t\t\t\t\t\t<\/figure>\n\t\t\t\t\t\t\t\t\t<\/div>\n\t\t\t\t<\/div>\n\t\t\t\t\t<\/div>\n\t\t<\/div>\n\t\t\t\t<div class=\"elementor-column elementor-col-20 elementor-top-column elementor-element elementor-element-388d273\" data-id=\"388d273\" data-element_type=\"column\" data-e-type=\"column\">\n\t\t\t<div class=\"elementor-widget-wrap elementor-element-populated\">\n\t\t\t\t\t\t<div class=\"elementor-element elementor-element-7d92527 elementor-widget elementor-widget-image\" data-id=\"7d92527\" data-element_type=\"widget\" data-e-type=\"widget\" data-widget_type=\"image.default\">\n\t\t\t\t<div class=\"elementor-widget-container\">\n\t\t\t\t\t\t\t\t\t\t\t\t<figure class=\"wp-caption\">\n\t\t\t\t\t\t\t\t\t\t<img decoding=\"async\" width=\"1024\" height=\"970\" src=\"https:\/\/www.patrando-26.fr\/wp-content\/uploads\/2024\/02\/Les-Auberts-Mousse-Hylocomie-Brillante--1024x970.jpg\" class=\"attachment-large size-large wp-image-1686\" alt=\"Mousse Hylocomie Brillante\" srcset=\"https:\/\/www.patrando-26.fr\/wp-content\/uploads\/2024\/02\/Les-Auberts-Mousse-Hylocomie-Brillante--1024x970.jpg 1024w, https:\/\/www.patrando-26.fr\/wp-content\/uploads\/2024\/02\/Les-Auberts-Mousse-Hylocomie-Brillante--300x284.jpg 300w, https:\/\/www.patrando-26.fr\/wp-content\/uploads\/2024\/02\/Les-Auberts-Mousse-Hylocomie-Brillante--768x727.jpg 768w, https:\/\/www.patrando-26.fr\/wp-content\/uploads\/2024\/02\/Les-Auberts-Mousse-Hylocomie-Brillante-.jpg 1092w\" sizes=\"(max-width: 1024px) 100vw, 1024px\" \/>\t\t\t\t\t\t\t\t\t\t\t<figcaption class=\"widget-image-caption wp-caption-text\"> Mousse Hylocomie Brillante<\/figcaption>\n\t\t\t\t\t\t\t\t\t\t<\/figure>\n\t\t\t\t\t\t\t\t\t<\/div>\n\t\t\t\t<\/div>\n\t\t\t\t\t<\/div>\n\t\t<\/div>\n\t\t\t\t<div class=\"elementor-column elementor-col-20 elementor-top-column elementor-element elementor-element-294ef86\" data-id=\"294ef86\" data-element_type=\"column\" data-e-type=\"column\">\n\t\t\t<div class=\"elementor-widget-wrap elementor-element-populated\">\n\t\t\t\t\t\t<div class=\"elementor-element elementor-element-8a11d38 elementor-widget elementor-widget-image\" data-id=\"8a11d38\" data-element_type=\"widget\" data-e-type=\"widget\" data-widget_type=\"image.default\">\n\t\t\t\t<div class=\"elementor-widget-container\">\n\t\t\t\t\t\t\t\t\t\t\t\t<figure class=\"wp-caption\">\n\t\t\t\t\t\t\t\t\t\t<img loading=\"lazy\" decoding=\"async\" width=\"768\" height=\"1024\" src=\"https:\/\/www.patrando-26.fr\/wp-content\/uploads\/2024\/02\/Les-Auberts-Champignon-Peltigera-membranacea-1-768x1024.jpg\" class=\"attachment-large size-large wp-image-1685\" alt=\"Champignon Peltigera membranacea\" srcset=\"https:\/\/www.patrando-26.fr\/wp-content\/uploads\/2024\/02\/Les-Auberts-Champignon-Peltigera-membranacea-1-768x1024.jpg 768w, https:\/\/www.patrando-26.fr\/wp-content\/uploads\/2024\/02\/Les-Auberts-Champignon-Peltigera-membranacea-1-225x300.jpg 225w, https:\/\/www.patrando-26.fr\/wp-content\/uploads\/2024\/02\/Les-Auberts-Champignon-Peltigera-membranacea-1.jpg 918w\" sizes=\"(max-width: 768px) 100vw, 768px\" \/>\t\t\t\t\t\t\t\t\t\t\t<figcaption class=\"widget-image-caption wp-caption-text\"> Champignon Peltigera membranacea <\/figcaption>\n\t\t\t\t\t\t\t\t\t\t<\/figure>\n\t\t\t\t\t\t\t\t\t<\/div>\n\t\t\t\t<\/div>\n\t\t\t\t\t<\/div>\n\t\t<\/div>\n\t\t\t\t<div class=\"elementor-column elementor-col-20 elementor-top-column elementor-element elementor-element-e1f4125\" data-id=\"e1f4125\" data-element_type=\"column\" data-e-type=\"column\">\n\t\t\t<div class=\"elementor-widget-wrap elementor-element-populated\">\n\t\t\t\t\t\t<div class=\"elementor-element elementor-element-7ff5df6 elementor-widget elementor-widget-image\" data-id=\"7ff5df6\" data-element_type=\"widget\" data-e-type=\"widget\" data-widget_type=\"image.default\">\n\t\t\t\t<div class=\"elementor-widget-container\">\n\t\t\t\t\t\t\t\t\t\t\t\t<figure class=\"wp-caption\">\n\t\t\t\t\t\t\t\t\t\t<img loading=\"lazy\" decoding=\"async\" width=\"765\" height=\"1020\" src=\"https:\/\/www.patrando-26.fr\/wp-content\/uploads\/2024\/02\/Les-Auberts-Pommier-malus-.jpg\" class=\"attachment-large size-large wp-image-1683\" alt=\"Pommier malus\" srcset=\"https:\/\/www.patrando-26.fr\/wp-content\/uploads\/2024\/02\/Les-Auberts-Pommier-malus-.jpg 765w, https:\/\/www.patrando-26.fr\/wp-content\/uploads\/2024\/02\/Les-Auberts-Pommier-malus--225x300.jpg 225w\" sizes=\"(max-width: 765px) 100vw, 765px\" \/>\t\t\t\t\t\t\t\t\t\t\t<figcaption class=\"widget-image-caption wp-caption-text\">Pommier malus<\/figcaption>\n\t\t\t\t\t\t\t\t\t\t<\/figure>\n\t\t\t\t\t\t\t\t\t<\/div>\n\t\t\t\t<\/div>\n\t\t\t\t\t<\/div>\n\t\t<\/div>\n\t\t\t\t\t<\/div>\n\t\t<\/section>\n\t\t\t\t<\/div>\n\t\t","protected":false},"excerpt":{"rendered":"<p>Randos botaniques le 28 mai 2024 et le 4 juin 2024 Notre ami Michel Rajot propose pour Patrimoine au Pays des Trois Becs deux randonn\u00e9es qui auront pour objet la d\u00e9couverte de notre environnement v\u00e9g\u00e9tal autour de Saillans. Une sortie est programm\u00e9e le mardi 28 mai sur Aubenasson avec une premi\u00e8re partie qui longera le &hellip;<\/p>\n<p class=\"read-more\"> <a class=\"\" href=\"https:\/\/www.patrando-26.fr\/index.php\/randonnee-botanique\/\"> <span class=\"screen-reader-text\">Randonn\u00e9e Botanique<\/span> Lire la suite\u00a0\u00bb<\/a><\/p>\n","protected":false},"author":1,"featured_media":0,"parent":0,"menu_order":0,"comment_status":"closed","ping_status":"closed","template":"","meta":{"_bbp_topic_count":0,"_bbp_reply_count":0,"_bbp_total_topic_count":0,"_bbp_total_reply_count":0,"_bbp_voice_count":0,"_bbp_anonymous_reply_count":0,"_bbp_topic_count_hidden":0,"_bbp_reply_count_hidden":0,"_bbp_forum_subforum_count":0,"_uag_custom_page_level_css":"","site-sidebar-layout":"no-sidebar","site-content-layout":"page-builder","ast-global-header-display":"","ast-main-header-display":"","ast-hfb-above-header-display":"","ast-hfb-below-header-display":"","ast-hfb-mobile-header-display":"","site-post-title":"disabled","ast-breadcrumbs-content":"","ast-featured-img":"disabled","footer-sml-layout":"","theme-transparent-header-meta":"","adv-header-id-meta":"","stick-header-meta":"","header-above-stick-meta":"","header-main-stick-meta":"","header-below-stick-meta":"","footnotes":""},"class_list":["post-1646","page","type-page","status-publish","hentry"],"yoast_head":"<!-- This site is optimized with the Yoast SEO plugin v27.3 - https:\/\/yoast.com\/product\/yoast-seo-wordpress\/ -->\n<title>Randonn\u00e9e Botanique - Patrimoine randonn\u00e9es m\u00e9moire en drome<\/title>\n<meta name=\"robots\" content=\"index, follow, max-snippet:-1, max-image-preview:large, max-video-preview:-1\" \/>\n<link rel=\"canonical\" href=\"https:\/\/www.patrando-26.fr\/index.php\/randonnee-botanique\/\" \/>\n<meta property=\"og:locale\" content=\"fr_FR\" \/>\n<meta property=\"og:type\" content=\"article\" \/>\n<meta property=\"og:title\" content=\"Randonn\u00e9e Botanique - Patrimoine randonn\u00e9es m\u00e9moire en drome\" \/>\n<meta property=\"og:description\" content=\"Randos botaniques le 28 mai 2024 et le 4 juin 2024 Notre ami Michel Rajot propose pour Patrimoine au Pays des Trois Becs deux randonn\u00e9es qui auront pour objet la d\u00e9couverte de notre environnement v\u00e9g\u00e9tal autour de Saillans. Une sortie est programm\u00e9e le mardi 28 mai sur Aubenasson avec une premi\u00e8re partie qui longera le &hellip; Randonn\u00e9e Botanique Lire la suite\u00a0\u00bb\" \/>\n<meta property=\"og:url\" content=\"https:\/\/www.patrando-26.fr\/index.php\/randonnee-botanique\/\" \/>\n<meta property=\"og:site_name\" content=\"Patrimoine randonn\u00e9es m\u00e9moire en drome\" \/>\n<meta property=\"article:modified_time\" content=\"2024-02-11T15:20:40+00:00\" \/>\n<meta property=\"og:image\" content=\"https:\/\/www.patrando-26.fr\/wp-content\/uploads\/2024\/02\/Les-Auberts-Hetre-commun-fagus--1024x614.jpg\" \/>\n<meta name=\"twitter:card\" content=\"summary_large_image\" \/>\n<meta name=\"twitter:label1\" content=\"Dur\u00e9e de lecture estim\u00e9e\" \/>\n\t<meta name=\"twitter:data1\" content=\"2 minutes\" \/>\n<script type=\"application\/ld+json\" class=\"yoast-schema-graph\">{\"@context\":\"https:\\\/\\\/schema.org\",\"@graph\":[{\"@type\":\"WebPage\",\"@id\":\"https:\\\/\\\/www.patrando-26.fr\\\/index.php\\\/randonnee-botanique\\\/\",\"url\":\"https:\\\/\\\/www.patrando-26.fr\\\/index.php\\\/randonnee-botanique\\\/\",\"name\":\"Randonn\u00e9e Botanique - Patrimoine randonn\u00e9es m\u00e9moire en drome\",\"isPartOf\":{\"@id\":\"https:\\\/\\\/www.patrando-26.fr\\\/#website\"},\"primaryImageOfPage\":{\"@id\":\"https:\\\/\\\/www.patrando-26.fr\\\/index.php\\\/randonnee-botanique\\\/#primaryimage\"},\"image\":{\"@id\":\"https:\\\/\\\/www.patrando-26.fr\\\/index.php\\\/randonnee-botanique\\\/#primaryimage\"},\"thumbnailUrl\":\"https:\\\/\\\/www.patrando-26.fr\\\/wp-content\\\/uploads\\\/2024\\\/02\\\/Les-Auberts-Hetre-commun-fagus--1024x614.jpg\",\"datePublished\":\"2023-11-09T08:18:31+00:00\",\"dateModified\":\"2024-02-11T15:20:40+00:00\",\"breadcrumb\":{\"@id\":\"https:\\\/\\\/www.patrando-26.fr\\\/index.php\\\/randonnee-botanique\\\/#breadcrumb\"},\"inLanguage\":\"fr-FR\",\"potentialAction\":[{\"@type\":\"ReadAction\",\"target\":[\"https:\\\/\\\/www.patrando-26.fr\\\/index.php\\\/randonnee-botanique\\\/\"]}]},{\"@type\":\"ImageObject\",\"inLanguage\":\"fr-FR\",\"@id\":\"https:\\\/\\\/www.patrando-26.fr\\\/index.php\\\/randonnee-botanique\\\/#primaryimage\",\"url\":\"https:\\\/\\\/www.patrando-26.fr\\\/wp-content\\\/uploads\\\/2024\\\/02\\\/Les-Auberts-Hetre-commun-fagus--scaled.jpg\",\"contentUrl\":\"https:\\\/\\\/www.patrando-26.fr\\\/wp-content\\\/uploads\\\/2024\\\/02\\\/Les-Auberts-Hetre-commun-fagus--scaled.jpg\",\"width\":2560,\"height\":1534,\"caption\":\"H\u00eatre Commun\"},{\"@type\":\"BreadcrumbList\",\"@id\":\"https:\\\/\\\/www.patrando-26.fr\\\/index.php\\\/randonnee-botanique\\\/#breadcrumb\",\"itemListElement\":[{\"@type\":\"ListItem\",\"position\":1,\"name\":\"Accueil\",\"item\":\"https:\\\/\\\/www.patrando-26.fr\\\/\"},{\"@type\":\"ListItem\",\"position\":2,\"name\":\"Randonn\u00e9e Botanique\"}]},{\"@type\":\"WebSite\",\"@id\":\"https:\\\/\\\/www.patrando-26.fr\\\/#website\",\"url\":\"https:\\\/\\\/www.patrando-26.fr\\\/\",\"name\":\"Patrimoine randonn\u00e9es m\u00e9moire en drome\",\"description\":\"Patrimoine randonn\u00e9es m\u00e9moire en drome Website\",\"potentialAction\":[{\"@type\":\"SearchAction\",\"target\":{\"@type\":\"EntryPoint\",\"urlTemplate\":\"https:\\\/\\\/www.patrando-26.fr\\\/?s={search_term_string}\"},\"query-input\":{\"@type\":\"PropertyValueSpecification\",\"valueRequired\":true,\"valueName\":\"search_term_string\"}}],\"inLanguage\":\"fr-FR\"}]}<\/script>\n<!-- \/ Yoast SEO plugin. -->","yoast_head_json":{"title":"Randonn\u00e9e Botanique - Patrimoine randonn\u00e9es m\u00e9moire en drome","robots":{"index":"index","follow":"follow","max-snippet":"max-snippet:-1","max-image-preview":"max-image-preview:large","max-video-preview":"max-video-preview:-1"},"canonical":"https:\/\/www.patrando-26.fr\/index.php\/randonnee-botanique\/","og_locale":"fr_FR","og_type":"article","og_title":"Randonn\u00e9e Botanique - Patrimoine randonn\u00e9es m\u00e9moire en drome","og_description":"Randos botaniques le 28 mai 2024 et le 4 juin 2024 Notre ami Michel Rajot propose pour Patrimoine au Pays des Trois Becs deux randonn\u00e9es qui auront pour objet la d\u00e9couverte de notre environnement v\u00e9g\u00e9tal autour de Saillans. Une sortie est programm\u00e9e le mardi 28 mai sur Aubenasson avec une premi\u00e8re partie qui longera le &hellip; Randonn\u00e9e Botanique Lire la suite\u00a0\u00bb","og_url":"https:\/\/www.patrando-26.fr\/index.php\/randonnee-botanique\/","og_site_name":"Patrimoine randonn\u00e9es m\u00e9moire en drome","article_modified_time":"2024-02-11T15:20:40+00:00","og_image":[{"url":"https:\/\/www.patrando-26.fr\/wp-content\/uploads\/2024\/02\/Les-Auberts-Hetre-commun-fagus--1024x614.jpg","type":"","width":"","height":""}],"twitter_card":"summary_large_image","twitter_misc":{"Dur\u00e9e de lecture estim\u00e9e":"2 minutes"},"schema":{"@context":"https:\/\/schema.org","@graph":[{"@type":"WebPage","@id":"https:\/\/www.patrando-26.fr\/index.php\/randonnee-botanique\/","url":"https:\/\/www.patrando-26.fr\/index.php\/randonnee-botanique\/","name":"Randonn\u00e9e Botanique - Patrimoine randonn\u00e9es m\u00e9moire en drome","isPartOf":{"@id":"https:\/\/www.patrando-26.fr\/#website"},"primaryImageOfPage":{"@id":"https:\/\/www.patrando-26.fr\/index.php\/randonnee-botanique\/#primaryimage"},"image":{"@id":"https:\/\/www.patrando-26.fr\/index.php\/randonnee-botanique\/#primaryimage"},"thumbnailUrl":"https:\/\/www.patrando-26.fr\/wp-content\/uploads\/2024\/02\/Les-Auberts-Hetre-commun-fagus--1024x614.jpg","datePublished":"2023-11-09T08:18:31+00:00","dateModified":"2024-02-11T15:20:40+00:00","breadcrumb":{"@id":"https:\/\/www.patrando-26.fr\/index.php\/randonnee-botanique\/#breadcrumb"},"inLanguage":"fr-FR","potentialAction":[{"@type":"ReadAction","target":["https:\/\/www.patrando-26.fr\/index.php\/randonnee-botanique\/"]}]},{"@type":"ImageObject","inLanguage":"fr-FR","@id":"https:\/\/www.patrando-26.fr\/index.php\/randonnee-botanique\/#primaryimage","url":"https:\/\/www.patrando-26.fr\/wp-content\/uploads\/2024\/02\/Les-Auberts-Hetre-commun-fagus--scaled.jpg","contentUrl":"https:\/\/www.patrando-26.fr\/wp-content\/uploads\/2024\/02\/Les-Auberts-Hetre-commun-fagus--scaled.jpg","width":2560,"height":1534,"caption":"H\u00eatre Commun"},{"@type":"BreadcrumbList","@id":"https:\/\/www.patrando-26.fr\/index.php\/randonnee-botanique\/#breadcrumb","itemListElement":[{"@type":"ListItem","position":1,"name":"Accueil","item":"https:\/\/www.patrando-26.fr\/"},{"@type":"ListItem","position":2,"name":"Randonn\u00e9e Botanique"}]},{"@type":"WebSite","@id":"https:\/\/www.patrando-26.fr\/#website","url":"https:\/\/www.patrando-26.fr\/","name":"Patrimoine randonn\u00e9es m\u00e9moire en drome","description":"Patrimoine randonn\u00e9es m\u00e9moire en drome Website","potentialAction":[{"@type":"SearchAction","target":{"@type":"EntryPoint","urlTemplate":"https:\/\/www.patrando-26.fr\/?s={search_term_string}"},"query-input":{"@type":"PropertyValueSpecification","valueRequired":true,"valueName":"search_term_string"}}],"inLanguage":"fr-FR"}]}},"uagb_featured_image_src":{"full":false,"thumbnail":false,"medium":false,"medium_large":false,"large":false,"1536x1536":false,"2048x2048":false},"uagb_author_info":{"display_name":"patrandoadmin","author_link":"https:\/\/www.patrando-26.fr\/index.php\/author\/admin6948\/"},"uagb_comment_info":0,"uagb_excerpt":"Randos botaniques le 28 mai 2024 et le 4 juin 2024 Notre ami Michel Rajot propose pour Patrimoine au Pays des Trois Becs deux randonn\u00e9es qui auront pour objet la d\u00e9couverte de notre environnement v\u00e9g\u00e9tal autour de Saillans. Une sortie est programm\u00e9e le mardi 28 mai sur Aubenasson avec une premi\u00e8re partie qui longera le\u2026","_links":{"self":[{"href":"https:\/\/www.patrando-26.fr\/index.php\/wp-json\/wp\/v2\/pages\/1646","targetHints":{"allow":["GET"]}}],"collection":[{"href":"https:\/\/www.patrando-26.fr\/index.php\/wp-json\/wp\/v2\/pages"}],"about":[{"href":"https:\/\/www.patrando-26.fr\/index.php\/wp-json\/wp\/v2\/types\/page"}],"author":[{"embeddable":true,"href":"https:\/\/www.patrando-26.fr\/index.php\/wp-json\/wp\/v2\/users\/1"}],"replies":[{"embeddable":true,"href":"https:\/\/www.patrando-26.fr\/index.php\/wp-json\/wp\/v2\/comments?post=1646"}],"version-history":[{"count":15,"href":"https:\/\/www.patrando-26.fr\/index.php\/wp-json\/wp\/v2\/pages\/1646\/revisions"}],"predecessor-version":[{"id":1694,"href":"https:\/\/www.patrando-26.fr\/index.php\/wp-json\/wp\/v2\/pages\/1646\/revisions\/1694"}],"wp:attachment":[{"href":"https:\/\/www.patrando-26.fr\/index.php\/wp-json\/wp\/v2\/media?parent=1646"}],"curies":[{"name":"wp","href":"https:\/\/api.w.org\/{rel}","templated":true}]}}