{"id":1471,"date":"2023-03-01T09:49:24","date_gmt":"2023-03-01T08:49:24","guid":{"rendered":"https:\/\/www.patrando-26.fr\/?page_id=1471"},"modified":"2023-06-20T14:41:16","modified_gmt":"2023-06-20T12:41:16","slug":"decouvrir","status":"publish","type":"page","link":"https:\/\/www.patrando-26.fr\/index.php\/decouvrir\/","title":{"rendered":"DECOUVRIR"},"content":{"rendered":"\t\t<div data-elementor-type=\"wp-page\" data-elementor-id=\"1471\" class=\"elementor elementor-1471\">\n\t\t\t\t\t\t<section class=\"elementor-section elementor-top-section elementor-element elementor-element-lh9pj12 elementor-section-boxed elementor-section-height-default elementor-section-height-default\" data-id=\"lh9pj12\" data-element_type=\"section\" data-e-type=\"section\" data-settings=\"{&quot;background_background&quot;:&quot;classic&quot;}\">\n\t\t\t\t\t\t\t<div class=\"elementor-background-overlay\"><\/div>\n\t\t\t\t\t\t\t<div class=\"elementor-container elementor-column-gap-default\">\n\t\t\t\t\t<div class=\"elementor-column elementor-col-100 elementor-top-column elementor-element elementor-element-fd69444\" data-id=\"fd69444\" data-element_type=\"column\" data-e-type=\"column\">\n\t\t\t<div class=\"elementor-widget-wrap elementor-element-populated\">\n\t\t\t\t\t\t<div class=\"elementor-element elementor-element-abcc2f2 elementor-widget elementor-widget-heading\" data-id=\"abcc2f2\" data-element_type=\"widget\" data-e-type=\"widget\" data-widget_type=\"heading.default\">\n\t\t\t\t<div class=\"elementor-widget-container\">\n\t\t\t\t\t<h1 class=\"elementor-heading-title elementor-size-default\">DECOUVRIR<\/h1>\t\t\t\t<\/div>\n\t\t\t\t<\/div>\n\t\t\t\t\t<\/div>\n\t\t<\/div>\n\t\t\t\t\t<\/div>\n\t\t<\/section>\n\t\t\t\t<section class=\"elementor-section elementor-top-section elementor-element elementor-element-1394191 elementor-section-boxed elementor-section-height-default elementor-section-height-default\" data-id=\"1394191\" data-element_type=\"section\" data-e-type=\"section\">\n\t\t\t\t\t\t<div class=\"elementor-container elementor-column-gap-default\">\n\t\t\t\t\t<div class=\"elementor-column elementor-col-100 elementor-top-column elementor-element elementor-element-aacd66b\" data-id=\"aacd66b\" data-element_type=\"column\" data-e-type=\"column\">\n\t\t\t<div class=\"elementor-widget-wrap elementor-element-populated\">\n\t\t\t\t\t\t<div class=\"elementor-element elementor-element-5715466 elementor-widget elementor-widget-text-editor\" data-id=\"5715466\" data-element_type=\"widget\" data-e-type=\"widget\" data-widget_type=\"text-editor.default\">\n\t\t\t\t<div class=\"elementor-widget-container\">\n\t\t\t\t\t\t\t\t\t<ul><li>La F\u00e9d\u00e9ration fran\u00e7aise de randonn\u00e9e vous propose des TopoGuides\u00ae, des s\u00e9jours, la possibilit\u00e9 de souscrire des licences temporaires pour randonner l\u2019esprit tranquille ou peut vous orienter vers un club d\u2019accueil .\u00a0 <strong><a href=\"https:\/\/drome.ffrandonnee.fr\/\" target=\"_blank\" rel=\"noopener\">Cliquer ici<\/a><\/strong><\/li><li>La Conservation du patrimoine de la Dr\u00f4me vous apportera des informations utiles sur l\u2019int\u00e9r\u00eat des lieux qui sont \u00e0 visiter. <strong><a href=\"https:\/\/www.ladrometourisme.com\/decouvrez-la-drome\/notre-top-10-des-incontournables\/\" target=\"_blank\" rel=\"noopener\">Cliquer ici<\/a><\/strong><\/li><li>Le service Sports de nature du d\u00e9partement de la Dr\u00f4me vous livre des <em>\u00ab\u00a0Bons plans\u00a0\u00bb<\/em> pour des id\u00e9es de randonn\u00e9es.\u00a0<strong><a href=\"https:\/\/www.ladrometourisme.com\/suivez-nos-bons-plans\/\" target=\"_blank\" rel=\"noopener\">Cliquer ici<\/a><\/strong><\/li><li>Les services d\u00e9partementaux de l\u2019\u00c9tat ont des recommandations \u00e0 vous faire pour que votre s\u00e9jour dr\u00f4mois se passent dans les meilleures conditions.\u00a0<strong><a href=\"https:\/\/www.ladrometourisme.com\/preparez-votre-sejour\/\" target=\"_blank\" rel=\"noopener\">Cliquer ici<\/a><\/strong><\/li><li>Quelques h\u00e9bergements propos\u00e9s par nos adh\u00e9rents.<\/li><li>\u00a0A la chaudi\u00e8re, Gite sous la roche. Gite au coeur de la nature sous la falaise des trois becs.\u00a0 <a href=\"https:\/\/gitesdelachaudiere.com\/index.html\" target=\"_blank\" rel=\"noopener\"><b>https:\/\/gitesdelachaudiere.com\/index.html<\/b><\/a><\/li><li>\u00a0A Chastel-Arnaud : Gite l&rsquo;ensoleill\u00e9e : <a href=\"https:\/\/www.gites-de-france-drome.com\/gite-a-chastel-arnaud-dans-vallee-de-la-drome-diois-26G80009.html\" target=\"_blank\" rel=\"noopener\"><b>https:\/\/www.gites-de-france-drome.com\/gite-a-chastel-arnaud-dans-vallee-de-la-drome-diois-26G80009.html<\/b><\/a><\/li><li>A Saint-Sauveur-en-Diois pr\u00e8s de Saillans\u00a0 Gite Chaum\u00e9ane :<b>\u00a0<a href=\"http:\/\/www.gites-chaumeane.fr\/\" target=\"_blank\" rel=\"noopener\">http:\/\/www.gites-chaumeane.fr\/<\/a><br \/><\/b><\/li><\/ul><p>,<\/p><p>\u00a0<\/p>\t\t\t\t\t\t\t\t<\/div>\n\t\t\t\t<\/div>\n\t\t\t\t\t<\/div>\n\t\t<\/div>\n\t\t\t\t\t<\/div>\n\t\t<\/section>\n\t\t\t\t<\/div>\n\t\t","protected":false},"excerpt":{"rendered":"<p>DECOUVRIR La F\u00e9d\u00e9ration fran\u00e7aise de randonn\u00e9e vous propose des TopoGuides\u00ae, des s\u00e9jours, la possibilit\u00e9 de souscrire des licences temporaires pour randonner l\u2019esprit tranquille ou peut vous orienter vers un club d\u2019accueil .\u00a0 Cliquer ici La Conservation du patrimoine de la Dr\u00f4me vous apportera des informations utiles sur l\u2019int\u00e9r\u00eat des lieux qui sont \u00e0 visiter. Cliquer &hellip;<\/p>\n<p class=\"read-more\"> <a class=\"\" href=\"https:\/\/www.patrando-26.fr\/index.php\/decouvrir\/\"> <span class=\"screen-reader-text\">DECOUVRIR<\/span> Lire la suite\u00a0\u00bb<\/a><\/p>\n","protected":false},"author":1,"featured_media":0,"parent":0,"menu_order":0,"comment_status":"closed","ping_status":"closed","template":"","meta":{"_bbp_topic_count":0,"_bbp_reply_count":0,"_bbp_total_topic_count":0,"_bbp_total_reply_count":0,"_bbp_voice_count":0,"_bbp_anonymous_reply_count":0,"_bbp_topic_count_hidden":0,"_bbp_reply_count_hidden":0,"_bbp_forum_subforum_count":0,"_uag_custom_page_level_css":"","site-sidebar-layout":"no-sidebar","site-content-layout":"page-builder","ast-global-header-display":"","ast-main-header-display":"","ast-hfb-above-header-display":"","ast-hfb-below-header-display":"","ast-hfb-mobile-header-display":"","site-post-title":"disabled","ast-breadcrumbs-content":"","ast-featured-img":"disabled","footer-sml-layout":"","theme-transparent-header-meta":"","adv-header-id-meta":"","stick-header-meta":"","header-above-stick-meta":"","header-main-stick-meta":"","header-below-stick-meta":"","footnotes":""},"class_list":["post-1471","page","type-page","status-publish","hentry"],"yoast_head":"<!-- This site is optimized with the Yoast SEO plugin v27.4 - https:\/\/yoast.com\/product\/yoast-seo-wordpress\/ -->\n<title>DECOUVRIR - Patrimoine randonn\u00e9es m\u00e9moire en drome<\/title>\n<meta name=\"robots\" content=\"index, follow, max-snippet:-1, max-image-preview:large, max-video-preview:-1\" \/>\n<link rel=\"canonical\" href=\"https:\/\/www.patrando-26.fr\/index.php\/decouvrir\/\" \/>\n<meta property=\"og:locale\" content=\"fr_FR\" \/>\n<meta property=\"og:type\" content=\"article\" \/>\n<meta property=\"og:title\" content=\"DECOUVRIR - Patrimoine randonn\u00e9es m\u00e9moire en drome\" \/>\n<meta property=\"og:description\" content=\"DECOUVRIR La F\u00e9d\u00e9ration fran\u00e7aise de randonn\u00e9e vous propose des TopoGuides\u00ae, des s\u00e9jours, la possibilit\u00e9 de souscrire des licences temporaires pour randonner l\u2019esprit tranquille ou peut vous orienter vers un club d\u2019accueil .\u00a0 Cliquer ici La Conservation du patrimoine de la Dr\u00f4me vous apportera des informations utiles sur l\u2019int\u00e9r\u00eat des lieux qui sont \u00e0 visiter. Cliquer &hellip; DECOUVRIR Lire la suite\u00a0\u00bb\" \/>\n<meta property=\"og:url\" content=\"https:\/\/www.patrando-26.fr\/index.php\/decouvrir\/\" \/>\n<meta property=\"og:site_name\" content=\"Patrimoine randonn\u00e9es m\u00e9moire en drome\" \/>\n<meta property=\"article:modified_time\" content=\"2023-06-20T12:41:16+00:00\" \/>\n<meta name=\"twitter:card\" content=\"summary_large_image\" \/>\n<meta name=\"twitter:label1\" content=\"Dur\u00e9e de lecture estim\u00e9e\" \/>\n\t<meta name=\"twitter:data1\" content=\"1 minute\" \/>\n<script type=\"application\/ld+json\" class=\"yoast-schema-graph\">{\"@context\":\"https:\\\/\\\/schema.org\",\"@graph\":[{\"@type\":\"WebPage\",\"@id\":\"https:\\\/\\\/www.patrando-26.fr\\\/index.php\\\/decouvrir\\\/\",\"url\":\"https:\\\/\\\/www.patrando-26.fr\\\/index.php\\\/decouvrir\\\/\",\"name\":\"DECOUVRIR - Patrimoine randonn\u00e9es m\u00e9moire en drome\",\"isPartOf\":{\"@id\":\"https:\\\/\\\/www.patrando-26.fr\\\/#website\"},\"datePublished\":\"2023-03-01T08:49:24+00:00\",\"dateModified\":\"2023-06-20T12:41:16+00:00\",\"breadcrumb\":{\"@id\":\"https:\\\/\\\/www.patrando-26.fr\\\/index.php\\\/decouvrir\\\/#breadcrumb\"},\"inLanguage\":\"fr-FR\",\"potentialAction\":[{\"@type\":\"ReadAction\",\"target\":[\"https:\\\/\\\/www.patrando-26.fr\\\/index.php\\\/decouvrir\\\/\"]}]},{\"@type\":\"BreadcrumbList\",\"@id\":\"https:\\\/\\\/www.patrando-26.fr\\\/index.php\\\/decouvrir\\\/#breadcrumb\",\"itemListElement\":[{\"@type\":\"ListItem\",\"position\":1,\"name\":\"Accueil\",\"item\":\"https:\\\/\\\/www.patrando-26.fr\\\/\"},{\"@type\":\"ListItem\",\"position\":2,\"name\":\"DECOUVRIR\"}]},{\"@type\":\"WebSite\",\"@id\":\"https:\\\/\\\/www.patrando-26.fr\\\/#website\",\"url\":\"https:\\\/\\\/www.patrando-26.fr\\\/\",\"name\":\"Patrimoine randonn\u00e9es m\u00e9moire en drome\",\"description\":\"Patrimoine randonn\u00e9es m\u00e9moire en drome Website\",\"potentialAction\":[{\"@type\":\"SearchAction\",\"target\":{\"@type\":\"EntryPoint\",\"urlTemplate\":\"https:\\\/\\\/www.patrando-26.fr\\\/?s={search_term_string}\"},\"query-input\":{\"@type\":\"PropertyValueSpecification\",\"valueRequired\":true,\"valueName\":\"search_term_string\"}}],\"inLanguage\":\"fr-FR\"}]}<\/script>\n<!-- \/ Yoast SEO plugin. -->","yoast_head_json":{"title":"DECOUVRIR - Patrimoine randonn\u00e9es m\u00e9moire en drome","robots":{"index":"index","follow":"follow","max-snippet":"max-snippet:-1","max-image-preview":"max-image-preview:large","max-video-preview":"max-video-preview:-1"},"canonical":"https:\/\/www.patrando-26.fr\/index.php\/decouvrir\/","og_locale":"fr_FR","og_type":"article","og_title":"DECOUVRIR - Patrimoine randonn\u00e9es m\u00e9moire en drome","og_description":"DECOUVRIR La F\u00e9d\u00e9ration fran\u00e7aise de randonn\u00e9e vous propose des TopoGuides\u00ae, des s\u00e9jours, la possibilit\u00e9 de souscrire des licences temporaires pour randonner l\u2019esprit tranquille ou peut vous orienter vers un club d\u2019accueil .\u00a0 Cliquer ici La Conservation du patrimoine de la Dr\u00f4me vous apportera des informations utiles sur l\u2019int\u00e9r\u00eat des lieux qui sont \u00e0 visiter. Cliquer &hellip; DECOUVRIR Lire la suite\u00a0\u00bb","og_url":"https:\/\/www.patrando-26.fr\/index.php\/decouvrir\/","og_site_name":"Patrimoine randonn\u00e9es m\u00e9moire en drome","article_modified_time":"2023-06-20T12:41:16+00:00","twitter_card":"summary_large_image","twitter_misc":{"Dur\u00e9e de lecture estim\u00e9e":"1 minute"},"schema":{"@context":"https:\/\/schema.org","@graph":[{"@type":"WebPage","@id":"https:\/\/www.patrando-26.fr\/index.php\/decouvrir\/","url":"https:\/\/www.patrando-26.fr\/index.php\/decouvrir\/","name":"DECOUVRIR - Patrimoine randonn\u00e9es m\u00e9moire en drome","isPartOf":{"@id":"https:\/\/www.patrando-26.fr\/#website"},"datePublished":"2023-03-01T08:49:24+00:00","dateModified":"2023-06-20T12:41:16+00:00","breadcrumb":{"@id":"https:\/\/www.patrando-26.fr\/index.php\/decouvrir\/#breadcrumb"},"inLanguage":"fr-FR","potentialAction":[{"@type":"ReadAction","target":["https:\/\/www.patrando-26.fr\/index.php\/decouvrir\/"]}]},{"@type":"BreadcrumbList","@id":"https:\/\/www.patrando-26.fr\/index.php\/decouvrir\/#breadcrumb","itemListElement":[{"@type":"ListItem","position":1,"name":"Accueil","item":"https:\/\/www.patrando-26.fr\/"},{"@type":"ListItem","position":2,"name":"DECOUVRIR"}]},{"@type":"WebSite","@id":"https:\/\/www.patrando-26.fr\/#website","url":"https:\/\/www.patrando-26.fr\/","name":"Patrimoine randonn\u00e9es m\u00e9moire en drome","description":"Patrimoine randonn\u00e9es m\u00e9moire en drome Website","potentialAction":[{"@type":"SearchAction","target":{"@type":"EntryPoint","urlTemplate":"https:\/\/www.patrando-26.fr\/?s={search_term_string}"},"query-input":{"@type":"PropertyValueSpecification","valueRequired":true,"valueName":"search_term_string"}}],"inLanguage":"fr-FR"}]}},"uagb_featured_image_src":{"full":false,"thumbnail":false,"medium":false,"medium_large":false,"large":false,"1536x1536":false,"2048x2048":false},"uagb_author_info":{"display_name":"patrandoadmin","author_link":"https:\/\/www.patrando-26.fr\/index.php\/author\/admin6948\/"},"uagb_comment_info":0,"uagb_excerpt":"DECOUVRIR La F\u00e9d\u00e9ration fran\u00e7aise de randonn\u00e9e vous propose des TopoGuides\u00ae, des s\u00e9jours, la possibilit\u00e9 de souscrire des licences temporaires pour randonner l\u2019esprit tranquille ou peut vous orienter vers un club d\u2019accueil .\u00a0 Cliquer ici La Conservation du patrimoine de la Dr\u00f4me vous apportera des informations utiles sur l\u2019int\u00e9r\u00eat des lieux qui sont \u00e0 visiter. Cliquer\u2026","_links":{"self":[{"href":"https:\/\/www.patrando-26.fr\/index.php\/wp-json\/wp\/v2\/pages\/1471","targetHints":{"allow":["GET"]}}],"collection":[{"href":"https:\/\/www.patrando-26.fr\/index.php\/wp-json\/wp\/v2\/pages"}],"about":[{"href":"https:\/\/www.patrando-26.fr\/index.php\/wp-json\/wp\/v2\/types\/page"}],"author":[{"embeddable":true,"href":"https:\/\/www.patrando-26.fr\/index.php\/wp-json\/wp\/v2\/users\/1"}],"replies":[{"embeddable":true,"href":"https:\/\/www.patrando-26.fr\/index.php\/wp-json\/wp\/v2\/comments?post=1471"}],"version-history":[{"count":40,"href":"https:\/\/www.patrando-26.fr\/index.php\/wp-json\/wp\/v2\/pages\/1471\/revisions"}],"predecessor-version":[{"id":1627,"href":"https:\/\/www.patrando-26.fr\/index.php\/wp-json\/wp\/v2\/pages\/1471\/revisions\/1627"}],"wp:attachment":[{"href":"https:\/\/www.patrando-26.fr\/index.php\/wp-json\/wp\/v2\/media?parent=1471"}],"curies":[{"name":"wp","href":"https:\/\/api.w.org\/{rel}","templated":true}]}}